{"id":7,"date":"2025-08-21T10:53:38","date_gmt":"2025-08-21T10:53:38","guid":{"rendered":"https:\/\/francepologne.biz\/pl\/mesmerize\/"},"modified":"2025-08-29T12:56:58","modified_gmt":"2025-08-29T12:56:58","slug":"mesmerize","status":"publish","type":"page","link":"https:\/\/francepologne.biz\/pl\/","title":{"rendered":"Front Page"},"content":{"rendered":"<div  data-label=\"Overlappable\" data-id=\"overlappable--1\" data-export-id=\"overlappable-4\" data-category=\"overlappable\" class=\"overlappable-4 content-section content-section-spacing\" data-overlap=\"true\" id=\"overlappable-1\" style=\"background-color: rgb(255, 255, 255);\"><div  class=\"gridContainer\"> <div  data-type=\"row\" class=\"row spaced-cols text-center\"><div  class=\"col-xs-12 col-sm-4 col-padding\"> <i  class=\"fa icon shadow-large-black aligncenter color1 fa-handshake-o reverse round large\"><\/i> <div  data-type=\"column\" class=\"\"> <h5  class=\"\">Silna sie\u0107 biznesowa<\/h5> <p  class=\"\">Regularne spotkania w celu nawi\u0105zania trwa\u0142ych relacji zawodowych<\/p><\/div> <\/div> <div  class=\"col-xs-12 col-sm-4 col-padding\"> <i  class=\"fa icon shadow-large-black aligncenter color1 fa-globe reverse round large\"><\/i> <div  data-type=\"column\" class=\"\"><h5  class=\"\">Wsparcie ekspansji mi\u0119dzynarodowej<\/h5> <p  class=\"\">Doradztwo i wsparcie w osi\u0105ganiu sukcesu na rynkach polskim i francuskim<\/p><\/div> <\/div> <div  class=\"col-xs-12 col-sm-4 col-padding\"> <i  class=\"fa icon shadow-large-black aligncenter color1 fa-lightbulb-o reverse round large\"><\/i> <div  data-type=\"column\" class=\"\"><h5  class=\"\">Spo\u0142eczno\u015b\u0107 wsp\u00f3\u0142pracy<\/h5> <p  class=\"\">Przestrze\u0144 wymiany do\u015bwiadcze\u0144 w zakresie biznesu i kultury polskiej<\/p><\/div> <\/div><\/div> <\/div><\/div><div  data-label=\"Content\" data-id=\"content--1\" data-export-id=\"content-12\" data-category=\"content\" class=\"content-12 content-section content-section-spacing\" id=\"content-15\" style=\"background-color: rgb(255, 255, 255); background-image: none;\"><div  class=\"gridContainer\"> <div  class=\"row text-center\"><div  class=\"section-title-col\" data-type=\"column\"> <h2  class=\"\">Kim jeste\u015bmy<\/h2> <\/div> <\/div> <div  class=\"row center-xs middle-xs\"> <div  class=\"col-sm-9\" data-type=\"column\"> <\/div> <\/div><\/div> <\/div><div  id=\"team-2\" style=\"background-color: #ffffff;\" data-label=\"Team\" data-id=\"team-2\" data-export-id=\"team-2\" data-category=\"team\" class=\"team-2 content-section content-section-spacing\"><div  class=\"gridContainer\"> <div  class=\"row text-center\"><div  class=\"section-title-col\" data-type=\"column\">  <\/div> <\/div> <div  class=\"row spaced-cols content-center-sm center-sm\" data-type=\"row\"> <div  class=\"col-sm-6 col-md-3\"> <div  class=\"card y-move no-padding bordered\"> <a  data-cp-link=\"1\" href=\"#contact-1\" target=\"_self\"><img  decoding=\"async\" class=\"face\" src=\"https:\/\/francepologne.biz\/pl\/wp-content\/uploads\/2025\/08\/cropped-MATYLDA-1.png\" title=\"MATYLDA\" alt=\"\"><\/a> <div  data-type=\"column\" class=\"col-padding-small col-padding-small-xs description-container\"> <h4  class=\"font-500\">MATYLDA<\/h4>  <div  class=\"social-icons-group\" data-type=\"group\"> <a  href=\"#\" target=\"_self\" data-reiki-hidden=\"true\"><i  class=\"gray fa icon fa-facebook-square\"><\/i><\/a> <a  href=\"#\" target=\"_self\" data-reiki-hidden=\"true\"><i  class=\"gray fa icon fa-twitter-square\"><\/i><\/a> <a  href=\"#\" target=\"_self\" data-reiki-hidden=\"true\"><i  class=\"gray fa icon fa-linkedin-square\"><\/i><\/a> <a  href=\"#\" target=\"_self\" data-reiki-hidden=\"true\"><i  class=\"gray fa icon fa-google-plus-square\"><\/i><\/a><\/div> <p  class=\"\">Lorem Ipsum is simply dummy text of the printing and typesetting industry. Lorem Ipsum has been the industry\u2019s standard dummy text ever since the 1500s, when an&nbsp;unknown <\/p><a  class=\"button blue\" href=\"#contact-1\" target=\"_self\" data-cp-link=\"1\">KONTAKT<\/a><\/div><\/div> <\/div> <div  class=\"col-sm-6 col-md-3\"> <div  class=\"card y-move no-padding bordered\"> <a  data-cp-link=\"1\" href=\"#contact-1\" target=\"_self\"><img  decoding=\"async\" class=\"face\" src=\"https:\/\/francepologne.biz\/pl\/wp-content\/uploads\/2025\/08\/ADAM.png\" title=\"ADAM\" alt=\"\"><\/a> <div  data-type=\"column\" class=\"col-padding-small col-padding-small-xs description-container\"> <h4  class=\"font-500\">ADAM<\/h4>  <div  class=\"social-icons-group\" data-type=\"group\"> <a  href=\"#\" target=\"_self\" data-reiki-hidden=\"true\"><i  class=\"gray fa icon fa-facebook-square\"><\/i><\/a> <a  href=\"#\" target=\"_self\" data-reiki-hidden=\"true\"><i  class=\"gray fa icon fa-twitter-square\"><\/i><\/a> <a  href=\"#\" target=\"_self\" data-reiki-hidden=\"true\"><i  class=\"gray fa icon fa-linkedin-square\"><\/i><\/a> <a  href=\"#\" target=\"_self\" data-reiki-hidden=\"true\"><i  class=\"gray fa icon fa-google-plus-square\"><\/i><\/a><\/div> <p  dir=\"ltr\" style=\"line-height: 1.38; margin-top: 12pt; margin-bottom: 12pt;\" class=\"\">Posiada ponad dziesi\u0119cioletnie do\u015bwiadczenie w Marketingu Online oraz Business Development w Polsce oraz we Francji. Nie ma dla niego problemu nie do rozwi\u0105zania.<\/p><a  class=\"button blue\" href=\"#contact-1\" target=\"_self\" data-cp-link=\"1\">KONTAKT<\/a><\/div><\/div> <\/div>      <\/div> <\/div><\/div><div  data-label=\"Features\" data-id=\"features--1\" data-export-id=\"features-12\" data-category=\"features\" class=\"features-12 content-section content-section-spacing \" id=\"features-1\" style=\"background-color: rgb(245, 250, 253); background-image: none;\"><div  class=\"gridContainer\"> <div  class=\"row text-center\"><div  class=\"section-title-col\" data-type=\"column\"> <h2  class=\"\">CEL KLUBU<\/h2> <\/div> <\/div> <div  class=\"row spaced-cols\" data-type=\"row\"> <div  class=\"col-sm-6\"> <div  class=\"row space-bottom\"> <div  class=\"col-sm-fit icon-column\" data-preview-empty=\"1\">  <\/div> <div  class=\"col-sm\" data-type=\"column\">  <\/div> <\/div><\/div>    <\/div><\/div> <\/div><div  data-label=\"About\" data-id=\"about--2\" data-export-id=\"about-10\" data-category=\"about\" class=\"about-10 content-section content-section-spacing\" id=\"about-2\" style=\"background-color: rgb(245, 250, 253);\"><div  class=\"gridContainer\"> <div  class=\"row middle-sm text-center\"><div  class=\"col-sm-5 space-bottom-xs content-column\" data-type=\"column\">  <h2  class=\"\">Integracja spo\u0142eczno\u015bci pracuj\u0105cej z Polsk\u0105<\/h2> <p  class=\"\">\u2022 Organizowanie regularnych spotka\u0144,<br >\u2022 Wzajemne wsparcie biznesowe,<br >\u2022 Prezentacje studi\u00f3w przypadk\u00f3w,<br >\u2022 Wsp\u00f3lne rozwi\u0105zywanie problem\u00f3w,<br >\u2022 Integracja spo\u0142eczno\u015bci zainteresowanej polskim biznesem i kultur\u0105.<\/p> <a  class=\"button color1\" href=\"#contact-1\" target=\"_self\" data-cp-link=\"1\">KONTAKT<\/a><\/div> <div  class=\"col-sm-7 flexbox middle-xs center-xs space-bottom-xs\"><div  class=\"overlay-box middle-xs center-xs flexbox\"> <div  class=\"overlay-box-offset offset-border shadow-medium border-color1 hide-xs\"><\/div> <img  decoding=\"async\" class=\"shadow-large\" data-size=\"485x705\" src=\"https:\/\/francepologne.biz\/pl\/wp-content\/uploads\/2025\/08\/cropped-pexels-pierre-blache-651604-2901215-scaled-1.jpg\" title=\"pexels-pierre-blache-651604-2901215\" alt=\"\"><\/div> <\/div><\/div> <\/div><\/div><div  data-label=\"Content\" data-id=\"content--2\" data-export-id=\"content-8\" data-category=\"content\" class=\"content-8 content-section content-section-spacing\" id=\"content-16\" style=\"background-color: rgb(245, 250, 253); background-image: none;\"><div  class=\"gridContainer\"> <div  class=\"row middle-sm\"><div  class=\"col-sm-6 space-bottom-xs space-top-xs\" data-type=\"column\"> <img  decoding=\"async\" class=\"shadow-large\" src=\"https:\/\/francepologne.biz\/pl\/wp-content\/uploads\/2025\/08\/cropped-pexels-pixabay-161098-scaled-1.jpg\" title=\"pexels-pixabay-161098\" alt=\"\"><\/div> <div  class=\"col-sm-6\" data-type=\"column\"><h2  class=\"\">Wsparcie firm w ekspansji<\/h2> <p  class=\"\">\u2022 Analiza polskiego rynku dla firm francuskich,<br >\u2022 Doradztwo biznesowe i marketingowe,<br >\u2022 Pomoc w nawi\u0105zywaniu kontakt\u00f3w,<br >\u2022 U\u0142atwienie wej\u015bcia na rynki polski i francuski.<\/p> <a  class=\"button color1\" href=\"#contact-1\" target=\"_self\" data-cp-link=\"1\">KONTAKT<\/a><\/div> <\/div><\/div> <\/div><div  data-label=\"About\" data-id=\"about--1\" data-export-id=\"about-1\" data-category=\"about\" class=\"about-1 content-section\" id=\"about-1\" style=\"background-color: rgb(255, 255, 255); background-image: none;\"><div  class=\"gridContainer\"> <div  class=\"row text-center\"><div  class=\"section-title-col\" data-type=\"column\">  <h2  class=\"\">NAST\u0118PNE SPOTKANIE<\/h2> <p  class=\"lead\">30 wrzesie\u0144 2025 \u2013 Resto Lyon<\/p><\/div> <\/div> <div  class=\"row\"> <div  class=\"button-holder space-bottom space-bottom-small\" data-type=\"column\"> <\/div> <div  class=\"col-xs bottom-xs flexbox image-group-bottom-3-img space-bottom-xs center-xs\"> <img  decoding=\"async\" class=\"left-img shadow-large-black\" data-size=\"500x300\" src=\"https:\/\/francepologne.biz\/pl\/wp-content\/uploads\/2025\/08\/cropped-Zrzut-ekranu-2025-08-18-143825.png\" title=\"cropped-Zrzut-ekranu-2025-08-18-143825.png\" alt=\"\"> <img  decoding=\"async\" class=\"center-img shadow-large-black\" data-size=\"500x300\" src=\"https:\/\/francepologne.biz\/pl\/wp-content\/uploads\/2025\/08\/cropped-pexels-mohammed-ajwad-3009706-scaled-1.jpg\" title=\"pexels-mohammed-ajwad-3009706\" alt=\"\"> <img  decoding=\"async\" class=\"right-img shadow-large-black\" data-size=\"500x300\" src=\"https:\/\/francepologne.biz\/pl\/wp-content\/uploads\/2025\/08\/cropped-Zrzut-ekranu-2025-08-18-144024.png\" title=\"cropped-Zrzut-ekranu-2025-08-18-144024.png\" alt=\"\"><\/div> <\/div><\/div> <\/div><div  id=\"portfolio-3\" style=\"background-color: rgb(245, 250, 253); background-image: none;\" data-label=\"Portfolio\" data-id=\"portfolio-4\" data-export-id=\"portfolio-4\" data-category=\"portfolio\" class=\"portfolio-4 content-section content-section-spacing-top\"><div  class=\"\"> <div  class=\"row text-center\"><div  class=\"section-title-col\" data-type=\"column\"> <h2  class=\"\">GALERIA<\/h2> <p  class=\"\">    \n    <!-- Gallery -->\n    <\/p>\n\n    <!-- Lightbox -->\n    \n\n    \n\n    \n\n        \n    <!-- Gallery -->\n    \n\n    <!-- Lightbox -->\n    \n\n    \n\n    \n\n    <!-- Gallery -->\n    \n\n    <!-- Lightbox -->\n    \n\n    \n\n    \n\n        \n    <!-- Gallery -->\n    \n\n    <!-- Lightbox -->\n    \n\n    \n\n    \n\n    <!-- Gallery -->\n    \n\n    <!-- Lightbox -->\n    \n\n    \n\n    \n\n    <\/div> <\/div> <div  data-type=\"row\" class=\"row\" data-fixed=\"true\"> <div  class=\"col-xs-12 col-sm-3 no-gutter-col\"> <div  class=\"contentswap-effect\" data-hover-fx=\"portfolio-4\"> <div  class=\"initial-image\"> <img  decoding=\"async\" data-size=\"542x360\" src=\"https:\/\/francepologne.biz\/pl\/wp-content\/uploads\/2025\/08\/cropped-pexels-erbapjr-224756-scaled-1.jpg\"><\/div> <div  class=\"overlay bg-color1\"><\/div> <div  class=\"swap-inner col-xs-12\"> <div  class=\"row full-height-row middle-xs middle-sm\"> <div  class=\"col-xs-12 text-center content-holder\"> <a  href=\"https:\/\/francepologne.biz\/pl\/wp-content\/uploads\/2025\/08\/jan-baborak-Ueun0ufgFCs-unsplash-min-scaled.jpg\" target=\"_self\" class=\"\"><i  class=\"fa icon portfolio-icon fa-search big\" aria-hidden=\"true\"><\/i><\/a><\/div> <\/div><\/div> <\/div><\/div>        <\/div><\/div> <\/div><div  id=\"contact-1\" data-label=\"Contact\" data-id=\"contact-1\" data-export-id=\"contact-1\" data-category=\"contact\" class=\"contact-1 content-section content-section-spacing white-text\" data-parallax-depth=\"20\" style=\"background-size: cover; background-position: center top; background-image: none; background-color: rgb(245, 250, 253);\"><div  class=\"gridContainer\"> <div  class=\"row text-center\"><div  class=\"section-title-col\" data-type=\"column\"> <h2  class=\"\">Skontaktuj si\u0119 z nami<\/h2> <p  class=\"lead\">Je\u017celi chcesz do\u0142\u0105czyc do klubu \u2013 napisz do nas!<br >\n<br ><img  decoding=\"async\" draggable=\"false\" role=\"img\" class=\"emoji\" alt=\"\u2709\ufe0f\" src=\"https:\/\/s.w.org\/images\/core\/emoji\/16.0.1\/svg\/2709.svg\"> contact@francepologne.biz<br ><\/p><\/div> <\/div> <div  class=\"row text-center\"> <div  class=\"col-xs-12 col-sm-8 col-sm-offset-2 contact-form-wrapper inline-info\"> <div  class=\"card large-padding\"> <div  class=\"\" data-content-shortcode=\"mesmerize_contact_form shortcode=&quot;wpforms id=&amp;amp;quot;94&amp;amp;quot; title=&amp;amp;quot;false&amp;amp;quot;&quot;\" data-editable=\"true\"><style id=\"wpforms-css-vars-94\">\n\t\t\t\t#wpforms-94 {\n\t\t\t\t--wpforms-container-padding: 0px;\n--wpforms-container-border-width: 1px;\n--wpforms-container-border-radius: 3px;\n--wpforms-background-color: rgba(0, 0, 0, 0);\n--wpforms-field-size-input-height: 43px;\n--wpforms-field-size-input-spacing: 15px;\n--wpforms-field-size-font-size: 16px;\n--wpforms-field-size-line-height: 19px;\n--wpforms-field-size-padding-h: 14px;\n--wpforms-field-size-checkbox-size: 16px;\n--wpforms-field-size-sublabel-spacing: 5px;\n--wpforms-field-size-icon-size: 1;\n--wpforms-label-size-font-size: 16px;\n--wpforms-label-size-line-height: 19px;\n--wpforms-label-size-sublabel-font-size: 14px;\n--wpforms-label-size-sublabel-line-height: 17px;\n--wpforms-button-size-font-size: 17px;\n--wpforms-button-size-height: 41px;\n--wpforms-button-size-padding-h: 15px;\n--wpforms-button-size-margin-top: 10px;\n--wpforms-container-shadow-size-box-shadow: none;\n\t\t\t}\n\t\t\t<\/style><div class=\"wpforms-container wpforms-container-full wpforms-render-modern\" id=\"wpforms-94\"><form id=\"wpforms-form-94\" class=\"wpforms-validate wpforms-form wpforms-ajax-form\" data-formid=\"94\" method=\"post\" enctype=\"multipart\/form-data\" action=\"\/pl\/wp-json\/wp\/v2\/pages\/7\" data-token=\"69897088cc6e6dd04a32cbd4edd68b71\" data-token-time=\"1776964256\"><noscript class=\"wpforms-error-noscript\">Please enable JavaScript in your browser to complete this form.<\/noscript><div id=\"wpforms-error-noscript\" style=\"display: none;\">Please enable JavaScript in your browser to complete this form.<\/div><div class=\"wpforms-field-container\"><div id=\"wpforms-94-field_1-container\" class=\"wpforms-field wpforms-field-name\" data-field-id=\"1\"><fieldset><legend class=\"wpforms-field-label\">Imi\u0119 <span class=\"wpforms-required-label\" aria-hidden=\"true\">*<\/span><\/legend><div class=\"wpforms-field-row wpforms-field-large\"><div class=\"wpforms-field-row-block wpforms-first wpforms-one-half\"><input type=\"text\" id=\"wpforms-94-field_1\" class=\"wpforms-field-name-first wpforms-field-required\" name=\"wpforms[fields][1][first]\" placeholder=\"Imi\u0119\" aria-errormessage=\"wpforms-94-field_1-error\" required><label for=\"wpforms-94-field_1\" class=\"wpforms-field-sublabel after wpforms-sublabel-hide\">First<\/label><\/div><div class=\"wpforms-field-row-block wpforms-one-half\"><input type=\"text\" id=\"wpforms-94-field_1-last\" class=\"wpforms-field-name-last wpforms-field-required\" name=\"wpforms[fields][1][last]\" placeholder=\"Nazwisko\" aria-errormessage=\"wpforms-94-field_1-last-error\" required><label for=\"wpforms-94-field_1-last\" class=\"wpforms-field-sublabel after wpforms-sublabel-hide\">Last<\/label><\/div><\/div><\/fieldset><\/div>\t\t<div id=\"wpforms-94-field_5-container\"\n\t\t\tclass=\"wpforms-field wpforms-field-text\"\n\t\t\tdata-field-type=\"text\"\n\t\t\tdata-field-id=\"5\"\n\t\t\t>\n\t\t\t<label class=\"wpforms-field-label\" for=\"wpforms-94-field_5\" >Wiadomo\u015b\u0107 Imi\u0119 Email<\/label>\n\t\t\t<input type=\"text\" id=\"wpforms-94-field_5\" class=\"wpforms-field-medium\" name=\"wpforms[fields][5]\" >\n\t\t<\/div>\n\t\t<div id=\"wpforms-94-field_2-container\" class=\"wpforms-field wpforms-field-email\" data-field-id=\"2\"><label class=\"wpforms-field-label\" for=\"wpforms-94-field_2\">Email <span class=\"wpforms-required-label\" aria-hidden=\"true\">*<\/span><\/label><input type=\"email\" id=\"wpforms-94-field_2\" class=\"wpforms-field-large wpforms-field-required\" name=\"wpforms[fields][2]\" spellcheck=\"false\" aria-errormessage=\"wpforms-94-field_2-error\" required><\/div><div id=\"wpforms-94-field_4-container\" class=\"wpforms-field wpforms-field-text\" data-field-id=\"4\"><label class=\"wpforms-field-label\" for=\"wpforms-94-field_4\">Temat <span class=\"wpforms-required-label\" aria-hidden=\"true\">*<\/span><\/label><input type=\"text\" id=\"wpforms-94-field_4\" class=\"wpforms-field-large wpforms-field-required\" name=\"wpforms[fields][4]\" aria-errormessage=\"wpforms-94-field_4-error\" required><\/div><div id=\"wpforms-94-field_3-container\" class=\"wpforms-field wpforms-field-textarea\" data-field-id=\"3\"><label class=\"wpforms-field-label\" for=\"wpforms-94-field_3\">Wiadomo\u015b\u0107 <span class=\"wpforms-required-label\" aria-hidden=\"true\">*<\/span><\/label><textarea id=\"wpforms-94-field_3\" class=\"wpforms-field-medium wpforms-field-required\" name=\"wpforms[fields][3]\" aria-errormessage=\"wpforms-94-field_3-error\" required><\/textarea><\/div><script>\n\t\t\t\t( function() {\n\t\t\t\t\tconst style = document.createElement( 'style' );\n\t\t\t\t\tstyle.appendChild( document.createTextNode( '#wpforms-94-field_5-container { position: absolute !important; overflow: hidden !important; display: inline !important; height: 1px !important; width: 1px !important; z-index: -1000 !important; padding: 0 !important; } #wpforms-94-field_5-container input { visibility: hidden; } #wpforms-conversational-form-page #wpforms-94-field_5-container label { counter-increment: none; }' ) );\n\t\t\t\t\tdocument.head.appendChild( style );\n\t\t\t\t\tdocument.currentScript?.remove();\n\t\t\t\t} )();\n\t\t\t<\/script><\/div><!-- .wpforms-field-container --><div class=\"wpforms-submit-container\" ><input type=\"hidden\" name=\"wpforms[id]\" value=\"94\"><input type=\"hidden\" name=\"page_title\" value=\"\"><input type=\"hidden\" name=\"page_url\" value=\"https:\/\/francepologne.biz\/pl\/wp-json\/wp\/v2\/pages\/7\"><input type=\"hidden\" name=\"url_referer\" value=\"\"><button type=\"submit\" name=\"wpforms[submit]\" id=\"wpforms-submit-94\" class=\"wpforms-submit\" aria-live=\"assertive\" value=\"wpforms-submit\">Wy\u015blij<\/button><img loading=\"lazy\" decoding=\"async\" src=\"https:\/\/francepologne.biz\/pl\/wp-content\/plugins\/wpforms-lite\/assets\/images\/submit-spin.svg\" class=\"wpforms-submit-spinner\" style=\"display: none;\" width=\"26\" height=\"26\" alt=\"Loading\"><\/div><\/form><\/div>  <!-- .wpforms-container --><\/div><\/div> <\/div><\/div> <\/div><\/div>","protected":false},"excerpt":{"rendered":"<p>Silna sie\u0107 biznesowa Regularne spotkania w celu nawi\u0105zania trwa\u0142ych relacji zawodowych Wsparcie ekspansji mi\u0119dzynarodowej Doradztwo i wsparcie w osi\u0105ganiu sukcesu na rynkach polskim i francuskim Spo\u0142eczno\u015b\u0107 wsp\u00f3\u0142pracy Przestrze\u0144 wymiany do\u015bwiadcze\u0144 w zakresie biznesu i kultury polskiej Kim jeste\u015bmy MATYLDA Lorem Ipsum is simply dummy text of the printing and typesetting industry. Lorem Ipsum has been&hellip; <br \/> <a class=\"read-more\" href=\"https:\/\/francepologne.biz\/pl\/\">Read more<\/a><\/p>\n","protected":false},"author":1,"featured_media":0,"parent":0,"menu_order":0,"comment_status":"closed","ping_status":"closed","template":"page-templates\/homepage.php","meta":{"footnotes":""},"class_list":["post-7","page","type-page","status-publish","hentry"],"_links":{"self":[{"href":"https:\/\/francepologne.biz\/pl\/wp-json\/wp\/v2\/pages\/7","targetHints":{"allow":["GET"]}}],"collection":[{"href":"https:\/\/francepologne.biz\/pl\/wp-json\/wp\/v2\/pages"}],"about":[{"href":"https:\/\/francepologne.biz\/pl\/wp-json\/wp\/v2\/types\/page"}],"author":[{"embeddable":true,"href":"https:\/\/francepologne.biz\/pl\/wp-json\/wp\/v2\/users\/1"}],"replies":[{"embeddable":true,"href":"https:\/\/francepologne.biz\/pl\/wp-json\/wp\/v2\/comments?post=7"}],"version-history":[{"count":72,"href":"https:\/\/francepologne.biz\/pl\/wp-json\/wp\/v2\/pages\/7\/revisions"}],"predecessor-version":[{"id":320,"href":"https:\/\/francepologne.biz\/pl\/wp-json\/wp\/v2\/pages\/7\/revisions\/320"}],"wp:attachment":[{"href":"https:\/\/francepologne.biz\/pl\/wp-json\/wp\/v2\/media?parent=7"}],"curies":[{"name":"wp","href":"https:\/\/api.w.org\/{rel}","templated":true}]}}